{"id":3601,"date":"2026-04-21T21:17:41","date_gmt":"2026-04-21T21:17:41","guid":{"rendered":"https:\/\/syrshopping.com\/?page_id=3601"},"modified":"2026-04-22T09:52:39","modified_gmt":"2026-04-22T09:52:39","slug":"impressum","status":"publish","type":"page","link":"https:\/\/syrshopping.com\/de\/impressum\/","title":{"rendered":"Impressum"},"content":{"rendered":"\n<p dir=\"ltr\">Angaben gem\u00e4\u00df \u00a7 5 TMG:<\/p>\n\n\n\n<p dir=\"ltr\">Kontakt:<br>E-Mail: syrshopping@gmail.com<\/p>\n\n\n\n<p dir=\"ltr\">01726008754<\/p>\n\n\n\n<p dir=\"ltr\">Verantwortlich f\u00fcr den Inhalt nach \u00a7 55 Abs. 2 RStV<\/p>\n\n\n\n<p dir=\"ltr\">Hinweis:<br>Die Website wird derzeit als privates Hobby betrieben und erzielt keine Einnahmen.<br>Es handelt sich um eine nicht-kommerzielle Kleinanzeigenplattform.<\/p>\n\n\n\n<p dir=\"ltr\">Haftung f\u00fcr Inhalte:<br>Die Inhalte unserer Seiten wurden mit gr\u00f6\u00dfter Sorgfalt erstellt.<br>F\u00fcr die Inhalte der Anzeigen sind ausschlie\u00dflich die jeweiligen Nutzer verantwortlich.<br>Bei Bekanntwerden von Rechtsverletzungen werden wir derartige Inhalte umgehend entfernen.<\/p>\n","protected":false},"excerpt":{"rendered":"<p>Angaben gem\u00e4\u00df \u00a7 5 TMG: Kontakt:E-Mail: syrshopping@gmail.com 01726008754 Verantwortlich f\u00fcr den Inhalt nach \u00a7 55 Abs. 2 RStV Hinweis:Die Website wird derzeit als privates Hobby betrieben und erzielt keine Einnahmen.Es handelt sich um eine nicht-kommerzielle Kleinanzeigenplattform. Haftung f\u00fcr Inhalte:Die Inhalte unserer Seiten wurden mit gr\u00f6\u00dfter Sorgfalt erstellt.F\u00fcr die Inhalte der Anzeigen sind ausschlie\u00dflich die jeweiligen [&hellip;]<\/p>\n","protected":false},"author":1,"featured_media":0,"parent":0,"menu_order":0,"comment_status":"closed","ping_status":"closed","template":"","meta":{"footnotes":""},"class_list":["post-3601","page","type-page","status-publish","hentry"],"_links":{"self":[{"href":"https:\/\/syrshopping.com\/de\/wp-json\/wp\/v2\/pages\/3601","targetHints":{"allow":["GET"]}}],"collection":[{"href":"https:\/\/syrshopping.com\/de\/wp-json\/wp\/v2\/pages"}],"about":[{"href":"https:\/\/syrshopping.com\/de\/wp-json\/wp\/v2\/types\/page"}],"author":[{"embeddable":true,"href":"https:\/\/syrshopping.com\/de\/wp-json\/wp\/v2\/users\/1"}],"replies":[{"embeddable":true,"href":"https:\/\/syrshopping.com\/de\/wp-json\/wp\/v2\/comments?post=3601"}],"version-history":[{"count":2,"href":"https:\/\/syrshopping.com\/de\/wp-json\/wp\/v2\/pages\/3601\/revisions"}],"predecessor-version":[{"id":3616,"href":"https:\/\/syrshopping.com\/de\/wp-json\/wp\/v2\/pages\/3601\/revisions\/3616"}],"wp:attachment":[{"href":"https:\/\/syrshopping.com\/de\/wp-json\/wp\/v2\/media?parent=3601"}],"curies":[{"name":"wp","href":"https:\/\/api.w.org\/{rel}","templated":true}]}}